{"id":95,"date":"2018-09-21T19:28:18","date_gmt":"2018-09-21T19:28:18","guid":{"rendered":"http:\/\/regenbogen-reinickendorf.de\/?page_id=95"},"modified":"2020-07-10T09:12:52","modified_gmt":"2020-07-10T09:12:52","slug":"90-90-90-0","status":"publish","type":"page","link":"https:\/\/regenbogen-reinickendorf.de\/?page_id=95","title":{"rendered":"95\/95\/95\/0"},"content":{"rendered":"\n<p>Berlin ist Teil der Initiative &#8222;Fast Track Cities Initiative to End AIDS&#8220;, einem weltweiten Zusammenschluss von St\u00e4dten, wie z.B. Paris, Amsterdam, Athen, Buenos Aires, Barcelona, London, Chicago, Miami, Br\u00fcssel, Manchester, Genf  etc.  zum l\u00f6sungsorientierten Umgang mit Aids.<\/p>\n\n\n\n<p>Ziel des Netzwerkes ist es, die Aids-Epidemien in St\u00e4dten bis 2030 zu beenden. Um dieses Ziel zu erreichen sollen bis 2020, <\/p>\n\n\n\n<p><strong>95 Prozent<\/strong> der\u00a0HIV-infizierten Menschen dar\u00fcber auch informiert sein, <\/p>\n\n\n\n<p><strong>95 Prozent<\/strong> dieser Menschen sollen in Behandlung sein und bei <\/p>\n\n\n\n<p><strong>95 Prozent<\/strong> der behandelten nachhaltig eine Unterdr\u00fcckung der Viren stattfinden. <\/p>\n\n\n\n<p> <strong>0 Prozent<\/strong> Stigmatisierung und Diskriminierung von Menschen mit HIV. <\/p>\n\n\n\n<p>Diesem Ziel schlie\u00dft sich Regenbogen Reinickendorf e.V. an.<\/p>\n\n\n\n<p>Weitere Infos unter: https:\/\/www.iapac.org\/<\/p>\n","protected":false},"excerpt":{"rendered":"<p>Berlin ist Teil der Initiative &#8222;Fast Track Cities Initiative to End AIDS&#8220;, einem weltweiten Zusammenschluss von St\u00e4dten, wie z.B. Paris, Amsterdam, Athen, Buenos Aires, Barcelona, London, Chicago, Miami, Br\u00fcssel, Manchester, Genf etc. zum l\u00f6sungsorientierten Umgang mit Aids. Ziel des Netzwerkes ist es, die Aids-Epidemien in St\u00e4dten bis 2030 zu beenden. Um dieses Ziel zu erreichen [&hellip;]<\/p>\n","protected":false},"author":1,"featured_media":0,"parent":0,"menu_order":0,"comment_status":"closed","ping_status":"closed","template":"","meta":{"footnotes":""},"class_list":["post-95","page","type-page","status-publish","hentry"],"jetpack_sharing_enabled":true,"_links":{"self":[{"href":"https:\/\/regenbogen-reinickendorf.de\/index.php?rest_route=\/wp\/v2\/pages\/95","targetHints":{"allow":["GET"]}}],"collection":[{"href":"https:\/\/regenbogen-reinickendorf.de\/index.php?rest_route=\/wp\/v2\/pages"}],"about":[{"href":"https:\/\/regenbogen-reinickendorf.de\/index.php?rest_route=\/wp\/v2\/types\/page"}],"author":[{"embeddable":true,"href":"https:\/\/regenbogen-reinickendorf.de\/index.php?rest_route=\/wp\/v2\/users\/1"}],"replies":[{"embeddable":true,"href":"https:\/\/regenbogen-reinickendorf.de\/index.php?rest_route=%2Fwp%2Fv2%2Fcomments&post=95"}],"version-history":[{"count":6,"href":"https:\/\/regenbogen-reinickendorf.de\/index.php?rest_route=\/wp\/v2\/pages\/95\/revisions"}],"predecessor-version":[{"id":485,"href":"https:\/\/regenbogen-reinickendorf.de\/index.php?rest_route=\/wp\/v2\/pages\/95\/revisions\/485"}],"wp:attachment":[{"href":"https:\/\/regenbogen-reinickendorf.de\/index.php?rest_route=%2Fwp%2Fv2%2Fmedia&parent=95"}],"curies":[{"name":"wp","href":"https:\/\/api.w.org\/{rel}","templated":true}]}}