{"id":850,"date":"2026-04-24T15:43:48","date_gmt":"2026-04-24T15:43:48","guid":{"rendered":"https:\/\/regenbogen-reinickendorf.de\/?page_id=850"},"modified":"2026-04-24T15:43:48","modified_gmt":"2026-04-24T15:43:48","slug":"queere-buchlesungen","status":"publish","type":"page","link":"https:\/\/regenbogen-reinickendorf.de\/?page_id=850","title":{"rendered":"Queere Buchlesungen"},"content":{"rendered":"\n<p>In Zusammenarbeit mit der Humboldt-Bibliothek in Tegel veranstalten wir halbj\u00e4hrlich eine queere Buchlesung mit unterschiedlichen Autorinnen und Autoren. Hier findet Ihr jeweils die Termine und die B\u00fccher, die jeweils vorgestellt werden. Bitte beachtet dazu auch unsere Instagram-Pr\u00e4senz unter regenbogen.rdf<\/p>\n\n\n\n<p>Die n\u00e4chste Buchlesung findet am 25.11.26 statt.<\/p>\n\n\n\n<p><\/p>\n","protected":false},"excerpt":{"rendered":"<p>In Zusammenarbeit mit der Humboldt-Bibliothek in Tegel veranstalten wir halbj\u00e4hrlich eine queere Buchlesung mit unterschiedlichen Autorinnen und Autoren. Hier findet Ihr jeweils die Termine und die B\u00fccher, die jeweils vorgestellt werden. Bitte beachtet dazu auch unsere Instagram-Pr\u00e4senz unter regenbogen.rdf Die n\u00e4chste Buchlesung findet am 25.11.26 statt.<\/p>\n","protected":false},"author":1,"featured_media":0,"parent":0,"menu_order":0,"comment_status":"closed","ping_status":"closed","template":"","meta":{"footnotes":""},"class_list":["post-850","page","type-page","status-publish","hentry"],"jetpack_sharing_enabled":true,"_links":{"self":[{"href":"https:\/\/regenbogen-reinickendorf.de\/index.php?rest_route=\/wp\/v2\/pages\/850","targetHints":{"allow":["GET"]}}],"collection":[{"href":"https:\/\/regenbogen-reinickendorf.de\/index.php?rest_route=\/wp\/v2\/pages"}],"about":[{"href":"https:\/\/regenbogen-reinickendorf.de\/index.php?rest_route=\/wp\/v2\/types\/page"}],"author":[{"embeddable":true,"href":"https:\/\/regenbogen-reinickendorf.de\/index.php?rest_route=\/wp\/v2\/users\/1"}],"replies":[{"embeddable":true,"href":"https:\/\/regenbogen-reinickendorf.de\/index.php?rest_route=%2Fwp%2Fv2%2Fcomments&post=850"}],"version-history":[{"count":1,"href":"https:\/\/regenbogen-reinickendorf.de\/index.php?rest_route=\/wp\/v2\/pages\/850\/revisions"}],"predecessor-version":[{"id":852,"href":"https:\/\/regenbogen-reinickendorf.de\/index.php?rest_route=\/wp\/v2\/pages\/850\/revisions\/852"}],"wp:attachment":[{"href":"https:\/\/regenbogen-reinickendorf.de\/index.php?rest_route=%2Fwp%2Fv2%2Fmedia&parent=850"}],"curies":[{"name":"wp","href":"https:\/\/api.w.org\/{rel}","templated":true}]}}