{"id":840,"date":"2026-04-24T15:24:30","date_gmt":"2026-04-24T15:24:30","guid":{"rendered":"https:\/\/regenbogen-reinickendorf.de\/?page_id=840"},"modified":"2026-04-24T15:37:08","modified_gmt":"2026-04-24T15:37:08","slug":"csd-reinickendorf","status":"publish","type":"page","link":"https:\/\/regenbogen-reinickendorf.de\/?page_id=840","title":{"rendered":"CSD Reinickendorf"},"content":{"rendered":"\n<p>Am 29.08.2026 starten wir den ersten CSD in Reinickendorf. Wenn du beim Vorbereitungsteam dabei sein m\u00f6chtest, melde dich bei uns unter info@regenbogen-reinickendorf.de. Wir brauchen und freuen uns \u00fcber jede Form der Unterst\u00fctzung. Es finden monatliche Vorbereitungstreffen statt, zu denen wir dich dann gerne einladen. Gerne kannst du uns auch f\u00fcr eine solche gro\u00dfe Aufgabe mit einer regelm\u00e4ssigen Spende unterst\u00fctzen, auch dar\u00fcber freuen wir uns ganz besonders, denn die Organisation und die Durchf\u00fchrung kosten leider auch immer eine ganze Menge Geld. Da unser Verein rein ehrenamtlich arbeitet, sind wir bei unserer Arbeit auf Spenden angewiesen. <\/p>\n\n\n\n<p>Hier k\u00f6nnt ihr schon mal unser derzeitges Arbeitslogo (KI-unterst\u00fctzt) sehen, vermutlich wird es sich noch leicht ver\u00e4ndern.<\/p>\n\n\n\n<p><\/p>\n\n\n\n<p>Das Motto lautet:<\/p>\n\n\n\n<p>&#8222;<strong>Pride kennt keine Randbezirke<\/strong>&#8222;<\/p>\n\n\n\n<p>Gleiche Rechte &#8211; Selbstbestimmung &#8211; Sichtbarkeit &#8211; Sicherheit &#8211; &#8230;.im Kiez!<\/p>\n\n\n\n<p><\/p>\n\n\n\n<figure class=\"wp-block-image size-large\"><img loading=\"lazy\" decoding=\"async\" width=\"683\" height=\"1024\" src=\"https:\/\/regenbogen-reinickendorf.de\/wp-content\/uploads\/2026\/04\/b58d9bc8-1565-4bac-a390-7117ab504e9b-683x1024.png\" alt=\"\" class=\"wp-image-845\" srcset=\"https:\/\/regenbogen-reinickendorf.de\/wp-content\/uploads\/2026\/04\/b58d9bc8-1565-4bac-a390-7117ab504e9b-683x1024.png 683w, https:\/\/regenbogen-reinickendorf.de\/wp-content\/uploads\/2026\/04\/b58d9bc8-1565-4bac-a390-7117ab504e9b-200x300.png 200w, https:\/\/regenbogen-reinickendorf.de\/wp-content\/uploads\/2026\/04\/b58d9bc8-1565-4bac-a390-7117ab504e9b-768x1152.png 768w, https:\/\/regenbogen-reinickendorf.de\/wp-content\/uploads\/2026\/04\/b58d9bc8-1565-4bac-a390-7117ab504e9b-600x900.png 600w, https:\/\/regenbogen-reinickendorf.de\/wp-content\/uploads\/2026\/04\/b58d9bc8-1565-4bac-a390-7117ab504e9b.png 1024w\" sizes=\"auto, (max-width: 683px) 100vw, 683px\" \/><\/figure>\n","protected":false},"excerpt":{"rendered":"<p>Am 29.08.2026 starten wir den ersten CSD in Reinickendorf. Wenn du beim Vorbereitungsteam dabei sein m\u00f6chtest, melde dich bei uns unter info@regenbogen-reinickendorf.de. Wir brauchen und freuen uns \u00fcber jede Form der Unterst\u00fctzung. Es finden monatliche Vorbereitungstreffen statt, zu denen wir dich dann gerne einladen. Gerne kannst du uns auch f\u00fcr eine solche gro\u00dfe Aufgabe mit [&hellip;]<\/p>\n","protected":false},"author":1,"featured_media":0,"parent":0,"menu_order":0,"comment_status":"closed","ping_status":"closed","template":"","meta":{"footnotes":""},"class_list":["post-840","page","type-page","status-publish","hentry"],"jetpack_sharing_enabled":true,"_links":{"self":[{"href":"https:\/\/regenbogen-reinickendorf.de\/index.php?rest_route=\/wp\/v2\/pages\/840","targetHints":{"allow":["GET"]}}],"collection":[{"href":"https:\/\/regenbogen-reinickendorf.de\/index.php?rest_route=\/wp\/v2\/pages"}],"about":[{"href":"https:\/\/regenbogen-reinickendorf.de\/index.php?rest_route=\/wp\/v2\/types\/page"}],"author":[{"embeddable":true,"href":"https:\/\/regenbogen-reinickendorf.de\/index.php?rest_route=\/wp\/v2\/users\/1"}],"replies":[{"embeddable":true,"href":"https:\/\/regenbogen-reinickendorf.de\/index.php?rest_route=%2Fwp%2Fv2%2Fcomments&post=840"}],"version-history":[{"count":6,"href":"https:\/\/regenbogen-reinickendorf.de\/index.php?rest_route=\/wp\/v2\/pages\/840\/revisions"}],"predecessor-version":[{"id":849,"href":"https:\/\/regenbogen-reinickendorf.de\/index.php?rest_route=\/wp\/v2\/pages\/840\/revisions\/849"}],"wp:attachment":[{"href":"https:\/\/regenbogen-reinickendorf.de\/index.php?rest_route=%2Fwp%2Fv2%2Fmedia&parent=840"}],"curies":[{"name":"wp","href":"https:\/\/api.w.org\/{rel}","templated":true}]}}