{"id":717,"date":"2022-04-07T21:05:58","date_gmt":"2022-04-07T21:05:58","guid":{"rendered":"https:\/\/regenbogen-reinickendorf.de\/?page_id=717"},"modified":"2025-12-13T12:21:13","modified_gmt":"2025-12-13T12:21:13","slug":"house-of-queers","status":"publish","type":"page","link":"https:\/\/regenbogen-reinickendorf.de\/?page_id=717","title":{"rendered":"House of Queers"},"content":{"rendered":"\n<p>Unser &#8222;House of Queers&#8220; wurde am 05.04.22 offiziell durch den Bezirksb\u00fcrgermeister Uwe Brockhausen gemeinsam mit dem Gr\u00fcnder und Vorsitzenden Andreas Otto feierlich mit ca. 60 weiteren G\u00e4sten er\u00f6ffnet. Es ist ein offener Treffpunkt f\u00fcr alle LGBTIQA-Menschen im Bezirk. Auch Familien und Freunde der Betroffenen sind herzlich willkommen. Wir freuen uns \u00fcber regelm\u00e4ssige Spenden, um die Arbeit des Vereins weiter entwickeln zu k\u00f6nnen.<\/p>\n\n\n\n<p><\/p>\n\n\n\n<p>Der offene Treff findet unregelm\u00e4\u00dfig statt. Hierzu bitte unsere Instagram-Seite beachten, wo \u00fcber aktuelle Dinge berichtet wird (Instagram: @regenbogen.rdf). Bei Einzelberatungen kontaktiert uns bitte separat unter info@regenbogen-reinickendorf.de.<\/p>\n\n\n\n<p><\/p>\n\n\n\n<p>Wenn Ihr euch queere B\u00fccher \u00fcber unsere Vertrauensbibliothek kostenfrei ausleihen wollt, kontaktiert uns einfach f\u00fcr einen Termin vor Ort unter info@regenbogen-reinickendorf.de . Es stehen Euch \u00fcber 50 verschiedene Titel zur Verf\u00fcgung.<\/p>\n\n\n\n<p>Habt Mut und kommt vorbei. <\/p>\n\n\n\n<p><\/p>\n\n\n\n<p>Wir sind f\u00fcr alle da, von jung bis alt. Nur Mut, wir freuen uns.<\/p>\n\n\n\n<p><\/p>\n\n\n\n<p><img loading=\"lazy\" decoding=\"async\" width=\"600\" height=\"395\" class=\"wp-image-720\" style=\"width: 600px;\" src=\"https:\/\/regenbogen-reinickendorf.de\/wp-content\/uploads\/2022\/04\/IMG_2206-scaled.jpeg\" alt=\"\" srcset=\"https:\/\/regenbogen-reinickendorf.de\/wp-content\/uploads\/2022\/04\/IMG_2206-scaled.jpeg 2560w, https:\/\/regenbogen-reinickendorf.de\/wp-content\/uploads\/2022\/04\/IMG_2206-300x198.jpeg 300w, https:\/\/regenbogen-reinickendorf.de\/wp-content\/uploads\/2022\/04\/IMG_2206-1024x674.jpeg 1024w, https:\/\/regenbogen-reinickendorf.de\/wp-content\/uploads\/2022\/04\/IMG_2206-768x506.jpeg 768w, https:\/\/regenbogen-reinickendorf.de\/wp-content\/uploads\/2022\/04\/IMG_2206-1536x1011.jpeg 1536w, https:\/\/regenbogen-reinickendorf.de\/wp-content\/uploads\/2022\/04\/IMG_2206-2048x1349.jpeg 2048w, https:\/\/regenbogen-reinickendorf.de\/wp-content\/uploads\/2022\/04\/IMG_2206-600x395.jpeg 600w\" sizes=\"auto, (max-width: 600px) 100vw, 600px\" \/><\/p>\n\n\n\n<p><\/p>\n\n\n\n<p>Inzwischen wurde unsere H\u00fctte neu gestrichen, so dass sie nun in beige erscheint. Quasi der Umgebung angepasst. <\/p>\n\n\n\n<p><\/p>\n\n\n\n<p>Wir bedanken uns nochmals ausdr\u00fccklich bei der Gesobau AG f\u00fcr deren Unterst\u00fctzung, ohne die alles nicht m\u00f6glich gewesen w\u00e4re. DANKE.<\/p>\n\n\n\n<p><\/p>\n\n\n\n<p>Hier noch ein paar Eindr\u00fccke von unserer Er\u00f6ffnungsfeier:<\/p>\n\n\n\n<figure class=\"wp-block-image size-large\"><img loading=\"lazy\" decoding=\"async\" width=\"1024\" height=\"766\" src=\"https:\/\/regenbogen-reinickendorf.de\/wp-content\/uploads\/2022\/04\/61f0663e-e1e9-400a-ab65-f1549788c030-1024x766.jpeg\" alt=\"\" class=\"wp-image-727\" srcset=\"https:\/\/regenbogen-reinickendorf.de\/wp-content\/uploads\/2022\/04\/61f0663e-e1e9-400a-ab65-f1549788c030-1024x766.jpeg 1024w, https:\/\/regenbogen-reinickendorf.de\/wp-content\/uploads\/2022\/04\/61f0663e-e1e9-400a-ab65-f1549788c030-300x224.jpeg 300w, https:\/\/regenbogen-reinickendorf.de\/wp-content\/uploads\/2022\/04\/61f0663e-e1e9-400a-ab65-f1549788c030-768x575.jpeg 768w, https:\/\/regenbogen-reinickendorf.de\/wp-content\/uploads\/2022\/04\/61f0663e-e1e9-400a-ab65-f1549788c030-1536x1149.jpeg 1536w, https:\/\/regenbogen-reinickendorf.de\/wp-content\/uploads\/2022\/04\/61f0663e-e1e9-400a-ab65-f1549788c030-600x449.jpeg 600w, https:\/\/regenbogen-reinickendorf.de\/wp-content\/uploads\/2022\/04\/61f0663e-e1e9-400a-ab65-f1549788c030-80x60.jpeg 80w, https:\/\/regenbogen-reinickendorf.de\/wp-content\/uploads\/2022\/04\/61f0663e-e1e9-400a-ab65-f1549788c030-120x90.jpeg 120w, https:\/\/regenbogen-reinickendorf.de\/wp-content\/uploads\/2022\/04\/61f0663e-e1e9-400a-ab65-f1549788c030.jpeg 2048w\" sizes=\"auto, (max-width: 1024px) 100vw, 1024px\" \/><figcaption class=\"wp-element-caption\">Das Er\u00f6ffnungsband wird von Bezirksb\u00fcrgermeister Brockhausen und dem Vereinsvorsitzenden Andreas Otto durchgeschnitten.<\/figcaption><\/figure>\n\n\n\n<figure class=\"wp-block-image size-large\"><img loading=\"lazy\" decoding=\"async\" width=\"1024\" height=\"768\" src=\"https:\/\/regenbogen-reinickendorf.de\/wp-content\/uploads\/2022\/04\/IMG_0101-1024x768.jpeg\" alt=\"\" class=\"wp-image-728\" srcset=\"https:\/\/regenbogen-reinickendorf.de\/wp-content\/uploads\/2022\/04\/IMG_0101-1024x768.jpeg 1024w, https:\/\/regenbogen-reinickendorf.de\/wp-content\/uploads\/2022\/04\/IMG_0101-300x225.jpeg 300w, https:\/\/regenbogen-reinickendorf.de\/wp-content\/uploads\/2022\/04\/IMG_0101-768x576.jpeg 768w, https:\/\/regenbogen-reinickendorf.de\/wp-content\/uploads\/2022\/04\/IMG_0101-1536x1152.jpeg 1536w, https:\/\/regenbogen-reinickendorf.de\/wp-content\/uploads\/2022\/04\/IMG_0101-2048x1536.jpeg 2048w, https:\/\/regenbogen-reinickendorf.de\/wp-content\/uploads\/2022\/04\/IMG_0101-600x450.jpeg 600w, https:\/\/regenbogen-reinickendorf.de\/wp-content\/uploads\/2022\/04\/IMG_0101-80x60.jpeg 80w, https:\/\/regenbogen-reinickendorf.de\/wp-content\/uploads\/2022\/04\/IMG_0101-120x90.jpeg 120w\" sizes=\"auto, (max-width: 1024px) 100vw, 1024px\" \/><figcaption class=\"wp-element-caption\">Etwas Deko.<\/figcaption><\/figure>\n\n\n\n<figure class=\"wp-block-image size-large\"><img loading=\"lazy\" decoding=\"async\" width=\"1024\" height=\"766\" src=\"https:\/\/regenbogen-reinickendorf.de\/wp-content\/uploads\/2022\/04\/b9438390-0e65-443b-9c71-092eb47f761b-1024x766.jpeg\" alt=\"\" class=\"wp-image-729\" srcset=\"https:\/\/regenbogen-reinickendorf.de\/wp-content\/uploads\/2022\/04\/b9438390-0e65-443b-9c71-092eb47f761b-1024x766.jpeg 1024w, https:\/\/regenbogen-reinickendorf.de\/wp-content\/uploads\/2022\/04\/b9438390-0e65-443b-9c71-092eb47f761b-300x224.jpeg 300w, https:\/\/regenbogen-reinickendorf.de\/wp-content\/uploads\/2022\/04\/b9438390-0e65-443b-9c71-092eb47f761b-768x575.jpeg 768w, https:\/\/regenbogen-reinickendorf.de\/wp-content\/uploads\/2022\/04\/b9438390-0e65-443b-9c71-092eb47f761b-1536x1149.jpeg 1536w, https:\/\/regenbogen-reinickendorf.de\/wp-content\/uploads\/2022\/04\/b9438390-0e65-443b-9c71-092eb47f761b-600x449.jpeg 600w, https:\/\/regenbogen-reinickendorf.de\/wp-content\/uploads\/2022\/04\/b9438390-0e65-443b-9c71-092eb47f761b-80x60.jpeg 80w, https:\/\/regenbogen-reinickendorf.de\/wp-content\/uploads\/2022\/04\/b9438390-0e65-443b-9c71-092eb47f761b-120x90.jpeg 120w, https:\/\/regenbogen-reinickendorf.de\/wp-content\/uploads\/2022\/04\/b9438390-0e65-443b-9c71-092eb47f761b.jpeg 2048w\" sizes=\"auto, (max-width: 1024px) 100vw, 1024px\" \/><figcaption class=\"wp-element-caption\">Der Gr\u00fcnder und Vereinsvorsitzende Andreas Otto bei seiner Er\u00f6ffnungsrede vor 60 Anwesenden<\/figcaption><\/figure>\n\n\n\n<figure class=\"wp-block-image size-large\"><img loading=\"lazy\" decoding=\"async\" width=\"1024\" height=\"768\" src=\"https:\/\/regenbogen-reinickendorf.de\/wp-content\/uploads\/2022\/04\/IMG_0100-1024x768.jpeg\" alt=\"\" class=\"wp-image-730\" srcset=\"https:\/\/regenbogen-reinickendorf.de\/wp-content\/uploads\/2022\/04\/IMG_0100-1024x768.jpeg 1024w, https:\/\/regenbogen-reinickendorf.de\/wp-content\/uploads\/2022\/04\/IMG_0100-300x225.jpeg 300w, https:\/\/regenbogen-reinickendorf.de\/wp-content\/uploads\/2022\/04\/IMG_0100-768x576.jpeg 768w, https:\/\/regenbogen-reinickendorf.de\/wp-content\/uploads\/2022\/04\/IMG_0100-1536x1152.jpeg 1536w, https:\/\/regenbogen-reinickendorf.de\/wp-content\/uploads\/2022\/04\/IMG_0100-2048x1536.jpeg 2048w, https:\/\/regenbogen-reinickendorf.de\/wp-content\/uploads\/2022\/04\/IMG_0100-600x450.jpeg 600w, https:\/\/regenbogen-reinickendorf.de\/wp-content\/uploads\/2022\/04\/IMG_0100-80x60.jpeg 80w, https:\/\/regenbogen-reinickendorf.de\/wp-content\/uploads\/2022\/04\/IMG_0100-120x90.jpeg 120w\" sizes=\"auto, (max-width: 1024px) 100vw, 1024px\" \/><figcaption class=\"wp-element-caption\">Ein Bild mit einem Teil der G\u00e4ste<\/figcaption><\/figure>\n\n\n\n<figure class=\"wp-block-image size-large\"><img loading=\"lazy\" decoding=\"async\" width=\"1024\" height=\"768\" src=\"https:\/\/regenbogen-reinickendorf.de\/wp-content\/uploads\/2022\/04\/IMG_0102-1024x768.jpeg\" alt=\"\" class=\"wp-image-731\" srcset=\"https:\/\/regenbogen-reinickendorf.de\/wp-content\/uploads\/2022\/04\/IMG_0102-1024x768.jpeg 1024w, https:\/\/regenbogen-reinickendorf.de\/wp-content\/uploads\/2022\/04\/IMG_0102-300x225.jpeg 300w, https:\/\/regenbogen-reinickendorf.de\/wp-content\/uploads\/2022\/04\/IMG_0102-768x576.jpeg 768w, https:\/\/regenbogen-reinickendorf.de\/wp-content\/uploads\/2022\/04\/IMG_0102-1536x1152.jpeg 1536w, https:\/\/regenbogen-reinickendorf.de\/wp-content\/uploads\/2022\/04\/IMG_0102-2048x1536.jpeg 2048w, https:\/\/regenbogen-reinickendorf.de\/wp-content\/uploads\/2022\/04\/IMG_0102-600x450.jpeg 600w, https:\/\/regenbogen-reinickendorf.de\/wp-content\/uploads\/2022\/04\/IMG_0102-80x60.jpeg 80w, https:\/\/regenbogen-reinickendorf.de\/wp-content\/uploads\/2022\/04\/IMG_0102-120x90.jpeg 120w\" sizes=\"auto, (max-width: 1024px) 100vw, 1024px\" \/><figcaption class=\"wp-element-caption\">Anwesende bei der Er\u00f6ffnung<\/figcaption><\/figure>\n\n\n\n<figure class=\"wp-block-image size-large\"><img loading=\"lazy\" decoding=\"async\" width=\"1024\" height=\"768\" src=\"https:\/\/regenbogen-reinickendorf.de\/wp-content\/uploads\/2022\/04\/IMG_0107-1024x768.jpeg\" alt=\"\" class=\"wp-image-732\" srcset=\"https:\/\/regenbogen-reinickendorf.de\/wp-content\/uploads\/2022\/04\/IMG_0107-1024x768.jpeg 1024w, https:\/\/regenbogen-reinickendorf.de\/wp-content\/uploads\/2022\/04\/IMG_0107-300x225.jpeg 300w, https:\/\/regenbogen-reinickendorf.de\/wp-content\/uploads\/2022\/04\/IMG_0107-768x576.jpeg 768w, https:\/\/regenbogen-reinickendorf.de\/wp-content\/uploads\/2022\/04\/IMG_0107-1536x1152.jpeg 1536w, https:\/\/regenbogen-reinickendorf.de\/wp-content\/uploads\/2022\/04\/IMG_0107-2048x1536.jpeg 2048w, https:\/\/regenbogen-reinickendorf.de\/wp-content\/uploads\/2022\/04\/IMG_0107-600x450.jpeg 600w, https:\/\/regenbogen-reinickendorf.de\/wp-content\/uploads\/2022\/04\/IMG_0107-80x60.jpeg 80w, https:\/\/regenbogen-reinickendorf.de\/wp-content\/uploads\/2022\/04\/IMG_0107-120x90.jpeg 120w\" sizes=\"auto, (max-width: 1024px) 100vw, 1024px\" \/><figcaption class=\"wp-element-caption\">Hier nochmal ein Bild Bandschneiden zur Er\u00f6ffnung<\/figcaption><\/figure>\n\n\n\n<figure class=\"wp-block-image size-large\"><img loading=\"lazy\" decoding=\"async\" width=\"768\" height=\"1024\" src=\"https:\/\/regenbogen-reinickendorf.de\/wp-content\/uploads\/2022\/04\/IMG_0106-768x1024.jpeg\" alt=\"\" class=\"wp-image-733\" srcset=\"https:\/\/regenbogen-reinickendorf.de\/wp-content\/uploads\/2022\/04\/IMG_0106-768x1024.jpeg 768w, https:\/\/regenbogen-reinickendorf.de\/wp-content\/uploads\/2022\/04\/IMG_0106-225x300.jpeg 225w, https:\/\/regenbogen-reinickendorf.de\/wp-content\/uploads\/2022\/04\/IMG_0106-1152x1536.jpeg 1152w, https:\/\/regenbogen-reinickendorf.de\/wp-content\/uploads\/2022\/04\/IMG_0106-1536x2048.jpeg 1536w, https:\/\/regenbogen-reinickendorf.de\/wp-content\/uploads\/2022\/04\/IMG_0106-600x800.jpeg 600w, https:\/\/regenbogen-reinickendorf.de\/wp-content\/uploads\/2022\/04\/IMG_0106-45x60.jpeg 45w, https:\/\/regenbogen-reinickendorf.de\/wp-content\/uploads\/2022\/04\/IMG_0106-68x90.jpeg 68w, https:\/\/regenbogen-reinickendorf.de\/wp-content\/uploads\/2022\/04\/IMG_0106-scaled.jpeg 1920w\" sizes=\"auto, (max-width: 768px) 100vw, 768px\" \/><figcaption class=\"wp-element-caption\">Der Vorsitzende zeigt sein eigens entworfenes Reinickendorf T-Shirt mit den Regenbogen-Farben. (Das T-Shirt gibt es \u00fcbrigens f\u00fcr alle Kieze in Berlin bei spreadshirts).<\/figcaption><\/figure>\n\n\n\n<p>Hier noch ein weiterer Einblick in unser House of Queers:<\/p>\n\n\n\n<figure class=\"wp-block-embed is-type-video is-provider-youtube wp-block-embed-youtube wp-embed-aspect-16-9 wp-has-aspect-ratio\"><div class=\"wp-block-embed__wrapper\">\n<iframe loading=\"lazy\" title=\"#House of Queers Reinickendorf  #gay #queers #lesbians #lgbtq #lsbti #berlin #transgender\" width=\"780\" height=\"439\" src=\"https:\/\/www.youtube.com\/embed\/3tc5iEzidSc?feature=oembed\" frameborder=\"0\" allow=\"accelerometer; autoplay; clipboard-write; encrypted-media; gyroscope; picture-in-picture; web-share\" referrerpolicy=\"strict-origin-when-cross-origin\" allowfullscreen><\/iframe>\n<\/div><figcaption class=\"wp-element-caption\">House of Queers in Reinickendorf, Wilhelmsruher Damm 91 y, 13439 Berlin<\/figcaption><\/figure>\n","protected":false},"excerpt":{"rendered":"<p>Unser &#8222;House of Queers&#8220; wurde am 05.04.22 offiziell durch den Bezirksb\u00fcrgermeister Uwe Brockhausen gemeinsam mit dem Gr\u00fcnder und Vorsitzenden Andreas Otto feierlich mit ca. 60 weiteren G\u00e4sten er\u00f6ffnet. Es ist ein offener Treffpunkt f\u00fcr alle LGBTIQA-Menschen im Bezirk. Auch Familien und Freunde der Betroffenen sind herzlich willkommen. Wir freuen uns \u00fcber regelm\u00e4ssige Spenden, um die [&hellip;]<\/p>\n","protected":false},"author":1,"featured_media":0,"parent":0,"menu_order":0,"comment_status":"closed","ping_status":"closed","template":"","meta":{"footnotes":""},"class_list":["post-717","page","type-page","status-publish","hentry"],"jetpack_sharing_enabled":true,"_links":{"self":[{"href":"https:\/\/regenbogen-reinickendorf.de\/index.php?rest_route=\/wp\/v2\/pages\/717","targetHints":{"allow":["GET"]}}],"collection":[{"href":"https:\/\/regenbogen-reinickendorf.de\/index.php?rest_route=\/wp\/v2\/pages"}],"about":[{"href":"https:\/\/regenbogen-reinickendorf.de\/index.php?rest_route=\/wp\/v2\/types\/page"}],"author":[{"embeddable":true,"href":"https:\/\/regenbogen-reinickendorf.de\/index.php?rest_route=\/wp\/v2\/users\/1"}],"replies":[{"embeddable":true,"href":"https:\/\/regenbogen-reinickendorf.de\/index.php?rest_route=%2Fwp%2Fv2%2Fcomments&post=717"}],"version-history":[{"count":14,"href":"https:\/\/regenbogen-reinickendorf.de\/index.php?rest_route=\/wp\/v2\/pages\/717\/revisions"}],"predecessor-version":[{"id":830,"href":"https:\/\/regenbogen-reinickendorf.de\/index.php?rest_route=\/wp\/v2\/pages\/717\/revisions\/830"}],"wp:attachment":[{"href":"https:\/\/regenbogen-reinickendorf.de\/index.php?rest_route=%2Fwp%2Fv2%2Fmedia&parent=717"}],"curies":[{"name":"wp","href":"https:\/\/api.w.org\/{rel}","templated":true}]}}