{"id":194,"date":"2019-01-15T19:57:16","date_gmt":"2019-01-15T19:57:16","guid":{"rendered":"http:\/\/regenbogen-reinickendorf.de\/?page_id=194"},"modified":"2022-05-19T19:11:45","modified_gmt":"2022-05-19T19:11:45","slug":"transparenz","status":"publish","type":"page","link":"https:\/\/regenbogen-reinickendorf.de\/?page_id=194","title":{"rendered":"Transparenz"},"content":{"rendered":"\n<p>1. <strong>Name, Sitz und Gr\u00fcndung des Vereins<\/strong><\/p>\n\n\n\n<p>Regenbogen Reinickendorf e.V.<\/p>\n\n\n\n<p>c\/o Andreas Otto<\/p>\n\n\n\n<p>Roedernallee 183<\/p>\n\n\n\n<p>13407 Berlin<\/p>\n\n\n\n<p>2. <strong>Vollst\u00e4ndige Satzung<\/strong><\/p>\n\n\n\n<p>Hier die aktuelle <a href=\"https:\/\/regenbogen-reinickendorf.de\/wp-content\/uploads\/2019\/01\/Satzung.pdf\">Satzung<\/a> vom 15.10.2018 <\/p>\n\n\n\n<p>Wir wollen Ansprechpartner in Reinickendorf f\u00fcr die Community sein; Aufkl\u00e4rungsarbeit leisten, um Vorurteile abzubauen; Beratung anbieten, um in Einzelf\u00e4llen helfen zu k\u00f6nnen; Gruppenaktivit\u00e4ten initiieren; gesundheitliche Aufkl\u00e4rungsarbeit leisten; etc. weiteres steht in der Satzung.<\/p>\n\n\n\n<p>3. <strong>Datum des aktuellen Bescheides vom Finanzamt \u00fcber die Anerkennung als steuerbeg\u00fcnstigte K\u00f6rperschaft<\/strong><\/p>\n\n\n\n<p>Hier der Bescheid vom 20.12.2018 <a href=\"https:\/\/regenbogen-reinickendorf.de\/wp-content\/uploads\/2019\/01\/Freistellungsbescheid-20.12.2018-S.1.pdf\">Seite 1<\/a> und <a href=\"https:\/\/regenbogen-reinickendorf.de\/wp-content\/uploads\/2019\/01\/Freistellungsbescheid-20.12.2018-S.2.pdf\">Seite 2<\/a><\/p>\n\n\n\n<p>4. <strong>Name und Funktion der wesentlichen Entscheidungstr\u00e4ger<\/strong><\/p>\n\n\n\n<p>Andreas Otto &#8211; Vorsitzender<\/p>\n\n\n\n<p>Christian H\u00fcttmann &#8211; stellvertretender Vorsitzender<\/p>\n\n\n\n<p>Matthias Dreier &#8211; stellvertretender Vorsitzender<\/p>\n\n\n\n<p>Bashkim Demolli &#8211; Schatzmeister<\/p>\n\n\n\n<p>Ren\u00e9 Marholdt &#8211; Beisitzer<\/p>\n\n\n\n<p>5. <strong>Bericht \u00fcber die T\u00e4tigkeiten unserer Organisation<\/strong><\/p>\n\n\n\n<p>5 a Jahresbericht 2018 <a href=\"https:\/\/regenbogen-reinickendorf.de\/wp-content\/uploads\/2019\/06\/Jahresbericht-2018-f\u00fcr-Aktivit\u00e4ten.pdf\">Aktivit\u00e4ten<\/a><\/p>\n\n\n\n<p>5 aa Jahresbericht 2019 <a href=\"https:\/\/regenbogen-reinickendorf.de\/wp-content\/uploads\/2020\/07\/Aktivit\u00e4tenbericht-2019.pdf\">Aktivit\u00e4ten<\/a><\/p>\n\n\n\n<p>5 b Jahresbericht 2018 <a href=\"https:\/\/regenbogen-reinickendorf.de\/wp-content\/uploads\/2019\/06\/Jahresbericht-2018-f\u00fcr-Finanzen.pdf\">Finanzen<\/a><\/p>\n\n\n\n<p>5 ba Jahresbericht 2019 <a href=\"https:\/\/regenbogen-reinickendorf.de\/wp-content\/uploads\/2020\/07\/Finanzbericht-RReV-2019.pdf\">Finanzen<\/a><\/p>\n\n\n\n<p>6. <strong>Personalstruktur<\/strong><\/p>\n\n\n\n<p>Wir arbeiten ehrenamtlich und haben keine hauptamtlichen Mitarbeiterinnen und Mitarbeiter<\/p>\n\n\n\n<p>7. <strong>Angaben zur Mittelherkunft<\/strong><\/p>\n\n\n\n<p>Derzeit leben wir ausschlie\u00dflich von Mitgliedsbeitr\u00e4gen und Spenden. Der <a rel=\"noreferrer noopener\" aria-label=\" (\u00f6ffnet in neuem Tab)\" href=\"https:\/\/regenbogen-reinickendorf.de\/wp-content\/uploads\/2019\/06\/Jahresbericht-2018-f\u00fcr-Finanzen.pdf\" target=\"_blank\">Finanzbericht<\/a> f\u00fcr 2018 und 2019 (s.o.) gibt hier\u00fcber Auskunft.<\/p>\n\n\n\n<p>8. <strong>Angaben zur Mittelverwendung<\/strong><\/p>\n\n\n\n<p>Die Mittel werden ausschlie\u00dflich f\u00fcr satzungsbedingte Dinge genutzt und zur Begleichung von anfallenden Rechnungen, die mit der Gr\u00fcndung etc. zu tun haben. Weitere Ausk\u00fcnfte dazu unter <a rel=\"noreferrer noopener\" aria-label=\"Finanzbericht (\u00f6ffnet in neuem Tab)\" href=\"https:\/\/regenbogen-reinickendorf.de\/wp-content\/uploads\/2019\/06\/Jahresbericht-2018-f\u00fcr-Finanzen.pdf\" target=\"_blank\">Finanzbericht<\/a> f\u00fcr 2018 und 2019 s.o..<\/p>\n\n\n\n<p>9. <strong>Gesellschaftsrechtliche Verbundenheit mit Dritten<\/strong><\/p>\n\n\n\n<p>Wir pflegen derzeit noch keine Verbundenheiten mit anderen Organisationen.<\/p>\n\n\n\n<p>10. <strong>Namen von Personen, deren Zuwendung mehr als zehn Prozent der j\u00e4hrlichen Gesamteinnahmen ausmachen<\/strong><\/p>\n\n\n\n<p>Derzeit sind keine juristischen Spender bekannt. Gro\u00dfspender sind keine vorhanden. Zuwendungen, Leistungsentgelte , Projektf\u00f6rderungen und sonstige Erl\u00f6se sind in 2018, aufgrund der Neugr\u00fcndung nicht erfolgt. \u00dcber den Kiezfond 2019 des Bezirksamtes Reinickendorf haben wir zur Durchf\u00fchrung der &#8222;Woche der sexuellen Gesundheit&#8220; mit dem Thema: &#8222;lass dich testen &#8211; gewinne klarheit!&#8220; rund um den Welt-AIDS-Tag eine Zuwendung in H\u00f6he von 2000 Euro erhalten.<\/p>\n\n\n\n<figure class=\"wp-block-image is-resized\"><a href=\"https:\/\/www.transparency.de\/mitmachen\/initiative-transparente-zivilgesellschaft\/\" target=\"_blank\" rel=\"noreferrer noopener\"><img loading=\"lazy\" decoding=\"async\" src=\"https:\/\/regenbogen-reinickendorf.de\/wp-content\/uploads\/2019\/07\/Transparente_Zivilgesellschaft-1024x682.jpg\" alt=\"\" class=\"wp-image-377\" width=\"153\" height=\"102\"\/><\/a><\/figure>\n","protected":false},"excerpt":{"rendered":"<p>1. Name, Sitz und Gr\u00fcndung des Vereins Regenbogen Reinickendorf e.V. c\/o Andreas Otto Roedernallee 183 13407 Berlin 2. Vollst\u00e4ndige Satzung Hier die aktuelle Satzung vom 15.10.2018 Wir wollen Ansprechpartner in Reinickendorf f\u00fcr die Community sein; Aufkl\u00e4rungsarbeit leisten, um Vorurteile abzubauen; Beratung anbieten, um in Einzelf\u00e4llen helfen zu k\u00f6nnen; Gruppenaktivit\u00e4ten initiieren; gesundheitliche Aufkl\u00e4rungsarbeit leisten; etc. weiteres [&hellip;]<\/p>\n","protected":false},"author":1,"featured_media":0,"parent":0,"menu_order":0,"comment_status":"closed","ping_status":"closed","template":"","meta":{"footnotes":""},"class_list":["post-194","page","type-page","status-publish","hentry"],"jetpack_sharing_enabled":true,"_links":{"self":[{"href":"https:\/\/regenbogen-reinickendorf.de\/index.php?rest_route=\/wp\/v2\/pages\/194","targetHints":{"allow":["GET"]}}],"collection":[{"href":"https:\/\/regenbogen-reinickendorf.de\/index.php?rest_route=\/wp\/v2\/pages"}],"about":[{"href":"https:\/\/regenbogen-reinickendorf.de\/index.php?rest_route=\/wp\/v2\/types\/page"}],"author":[{"embeddable":true,"href":"https:\/\/regenbogen-reinickendorf.de\/index.php?rest_route=\/wp\/v2\/users\/1"}],"replies":[{"embeddable":true,"href":"https:\/\/regenbogen-reinickendorf.de\/index.php?rest_route=%2Fwp%2Fv2%2Fcomments&post=194"}],"version-history":[{"count":39,"href":"https:\/\/regenbogen-reinickendorf.de\/index.php?rest_route=\/wp\/v2\/pages\/194\/revisions"}],"predecessor-version":[{"id":753,"href":"https:\/\/regenbogen-reinickendorf.de\/index.php?rest_route=\/wp\/v2\/pages\/194\/revisions\/753"}],"wp:attachment":[{"href":"https:\/\/regenbogen-reinickendorf.de\/index.php?rest_route=%2Fwp%2Fv2%2Fmedia&parent=194"}],"curies":[{"name":"wp","href":"https:\/\/api.w.org\/{rel}","templated":true}]}}