{"id":128,"date":"2019-01-04T15:23:16","date_gmt":"2019-01-04T15:23:16","guid":{"rendered":"http:\/\/regenbogen-reinickendorf.de\/?page_id=128"},"modified":"2024-01-04T16:05:42","modified_gmt":"2024-01-04T16:05:42","slug":"jetzt-spenden","status":"publish","type":"page","link":"https:\/\/regenbogen-reinickendorf.de\/?page_id=128","title":{"rendered":"Jetzt spenden"},"content":{"rendered":"<p><code><\/code><\/p>\n<p>Du m\u00f6chtest eine Spende t\u00e4tigen? Gerne. Wir freuen uns \u00fcber Deine Spende, denn das unterst\u00fctzt unsere Arbeit. Es hilft uns bei der Entwicklung von Flyern und Projekten genauso wie f\u00fcr den weiteren Strukturaufbau bis hin zu notwendigen R\u00e4umlichkeiten, die wir in Reinickendorf unterhalten und zur Beratung notwendig sind. Leider kostet das alles Geld, daher sind regelm\u00e4\u00dfige Geldspenden die beste Art zu helfen. Selbstverst\u00e4ndlich erh\u00e4ltst Du eine Spendenbescheinigung f\u00fcr Deine Steuererkl\u00e4rung. Wir sind vom Finanzamt f\u00fcr K\u00f6rperschaften I in Berlin als gemeinn\u00fctzig anerkannt. Bitte gib bei Deiner Spende auch Deine Anschrift an, damit wir Dir die Spendenquittung zustellen k\u00f6nnen. Wir sagen DANKE f\u00fcr Deine Unterst\u00fctzung!<\/p>\n<p>Hier die Bankverbindung:<\/p>\n<p>Berliner Sparkasse<\/p>\n<p>IBAN:\u00a0<strong>DE26 1005 0000 0190 7710 38<\/strong><\/p>\n<p>Wir freuen uns \u00fcber jeden Betrag. Danke!<\/p>\n<p>\u00dcber PayPal kannst du uns auch mit Hilfe dieses Links unterst\u00fctzen:<\/p>\n<div>\n<form action=\"https:\/\/www.paypal.com\/cgi-bin\/webscr\" method=\"post\" target=\"_top\"><input name=\"cmd\" type=\"hidden\" value=\"_s-xclick\" \/><br \/>\n<input name=\"hosted_button_id\" type=\"hidden\" value=\"SYFSFE4RKD9WQ\" \/><br \/>\n<input title=\"PayPal - The safer, easier way to pay online!\" alt=\"Donate with PayPal button\" name=\"submit\" src=\"https:\/\/www.paypalobjects.com\/de_DE\/DE\/i\/btn\/btn_donateCC_LG.gif\" type=\"image\" \/><br \/>\n<img loading=\"lazy\" decoding=\"async\" src=\"https:\/\/www.paypal.com\/de_DE\/i\/scr\/pixel.gif\" alt=\"\" width=\"1\" height=\"1\" border=\"0\" \/><\/form>\n<\/div>\n<p><a href=\"https:\/\/paypal.me\/RegenbogenReinickend?locale.x=de_DE\">https:\/\/paypal.me\/RegenbogenReinickend?locale.x=de_DE<\/a><\/p>\n<div id=\"amznCharityBanner\"><\/div>\n<div><\/div>\n<div><\/div>\n<div><\/div>\n<div><\/div>\n<div><\/div>\n<div><\/div>\n<div><a href=\"https:\/\/regenbogen-reinickendorf.de\/?page_id=194\"><img loading=\"lazy\" decoding=\"async\" class=\"alignnone wp-image-377\" src=\"https:\/\/regenbogen-reinickendorf.de\/wp-content\/uploads\/2019\/07\/Transparente_Zivilgesellschaft-300x200.jpg\" alt=\"\" width=\"116\" height=\"77\" \/><\/a><\/div>\n<div><\/div>\n<div><\/div>\n<div><\/div>\n<div><\/div>\n<div><\/div>\n<div><\/div>\n","protected":false},"excerpt":{"rendered":"<p>Du m\u00f6chtest eine Spende t\u00e4tigen? Gerne. Wir freuen uns \u00fcber Deine Spende, denn das unterst\u00fctzt unsere Arbeit. Es hilft uns bei der Entwicklung von Flyern und Projekten genauso wie f\u00fcr den weiteren Strukturaufbau bis hin zu notwendigen R\u00e4umlichkeiten, die wir in Reinickendorf unterhalten und zur Beratung notwendig sind. Leider kostet das alles Geld, daher sind [&hellip;]<\/p>\n","protected":false},"author":1,"featured_media":0,"parent":0,"menu_order":0,"comment_status":"closed","ping_status":"closed","template":"","meta":{"footnotes":""},"class_list":["post-128","page","type-page","status-publish","hentry"],"jetpack_sharing_enabled":true,"_links":{"self":[{"href":"https:\/\/regenbogen-reinickendorf.de\/index.php?rest_route=\/wp\/v2\/pages\/128","targetHints":{"allow":["GET"]}}],"collection":[{"href":"https:\/\/regenbogen-reinickendorf.de\/index.php?rest_route=\/wp\/v2\/pages"}],"about":[{"href":"https:\/\/regenbogen-reinickendorf.de\/index.php?rest_route=\/wp\/v2\/types\/page"}],"author":[{"embeddable":true,"href":"https:\/\/regenbogen-reinickendorf.de\/index.php?rest_route=\/wp\/v2\/users\/1"}],"replies":[{"embeddable":true,"href":"https:\/\/regenbogen-reinickendorf.de\/index.php?rest_route=%2Fwp%2Fv2%2Fcomments&post=128"}],"version-history":[{"count":32,"href":"https:\/\/regenbogen-reinickendorf.de\/index.php?rest_route=\/wp\/v2\/pages\/128\/revisions"}],"predecessor-version":[{"id":821,"href":"https:\/\/regenbogen-reinickendorf.de\/index.php?rest_route=\/wp\/v2\/pages\/128\/revisions\/821"}],"wp:attachment":[{"href":"https:\/\/regenbogen-reinickendorf.de\/index.php?rest_route=%2Fwp%2Fv2%2Fmedia&parent=128"}],"curies":[{"name":"wp","href":"https:\/\/api.w.org\/{rel}","templated":true}]}}