{"id":12,"date":"2018-09-27T19:00:29","date_gmt":"2018-09-27T19:00:29","guid":{"rendered":"http:\/\/regenbogen-reinickendorf.de\/?page_id=12"},"modified":"2026-01-07T14:18:55","modified_gmt":"2026-01-07T14:18:55","slug":"1-netzwerktreffen","status":"publish","type":"page","link":"https:\/\/regenbogen-reinickendorf.de\/?page_id=12","title":{"rendered":"Termine"},"content":{"rendered":"<p><strong>Am 21.01.2026 besuchen wir die Ausstellung &#8222;totgeschwiegen&#8220;. Bei Interesse freuen wir uns \u00fcber Deine Anmeldung unter info@regenbogen-reinickendorf.de. Genauer Ort und Zeit erf\u00e4hrst du nach deiner Anmeldung.\u00a0<\/strong><\/p>\n<p>\u00a0<\/p>\n<p>Wenn du ein <strong>Beratungs- , Gespr\u00e4chs- oder Informationsbed\u00fcrfnis<\/strong> hast, sind wir gerne f\u00fcr dich da.<\/p>\n<p>Wir bieten zu unterschiedlichen Zeiten den offenen Treff im <strong>&#8222;House of Queers&#8220;<\/strong>, am <strong>Wilhelmsruher Damm 91 (y), <\/strong>13439 Berlin dem ehemaligen Grenzh\u00e4uschen der Gesobau einen <strong>offenen Treff<\/strong> f\u00fcr alle Lesben, Schwule, Bisexuelle, transidente, intersexuelle und queere und non-bin\u00e4re Menschen im M\u00e4rkischen Viertel an. Bitte informiert euch \u00fcber instagram @regenbogen.rdf zu aktuellen treffen. Hier k\u00f6nnen sich LSBTIQ-Menschen aus ganz Reinickendorf treffen und kennenlernen.<\/p>\n<p>Gemeinsame Projekte k\u00f6nnen entwickelt werden, insbesondere wollen wir auch etwas f\u00fcr die lesbische Sichtbarkeit im Bezirk tun. Vom Coming-Out \u00fcber gesundheitliche Aufkl\u00e4rung bis zur Vereinsamung im Alter, wollen wir hier M\u00f6glichkeiten der Begegnung in gesch\u00fctzten R\u00e4umen anbieten.<\/p>\n<p>Wir freuen uns \u00fcber zahlreiche Besucherinnen und Besucher. Unser Engagement ist rein ehrenamtlich und wir bedanken uns bei der Gesobau AG f\u00fcr die R\u00e4umlichkeiten. Weitere Angebote findet man unter <a href=\"https:\/\/www.regenbogen-reinickendorf.de\">www.regenbogen-reinickendorf.de<\/a><\/p>\n<div class=\"kvgmc6g5 cxmmr5t8 oygrvhab hcukyx3x c1et5uql ii04i59q\">\n<div dir=\"auto\">\u00a0<\/div>\n<\/div>\n<div class=\"cxmmr5t8 oygrvhab hcukyx3x c1et5uql o9v6fnle ii04i59q\">\n<div dir=\"auto\">\u00a0<\/div>\n<\/div>\n<div class=\"cxmmr5t8 oygrvhab hcukyx3x c1et5uql o9v6fnle ii04i59q\">\n<div dir=\"auto\">Das Grenzh\u00e4uschen l\u00e4uft unter der Adresse Wilhelmsruher Damm 91y in 13439 Berlin.<\/div>\n<div dir=\"auto\">\u00a0<\/div>\n<\/div>\n<div class=\"cxmmr5t8 oygrvhab hcukyx3x c1et5uql o9v6fnle ii04i59q\">\n<div dir=\"auto\">Habt Mut und seid dabei.<\/div>\n<div dir=\"auto\">\u00a0<\/div>\n<div dir=\"auto\">\u00a0<\/div>\n<\/div>\n<div class=\"cxmmr5t8 oygrvhab hcukyx3x c1et5uql o9v6fnle ii04i59q\">\n<div dir=\"auto\">\u00a0<\/div>\n<div dir=\"auto\">Also bis dahin<\/div>\n<\/div>\n<div class=\"cxmmr5t8 oygrvhab hcukyx3x c1et5uql o9v6fnle ii04i59q\">\n<div dir=\"auto\">Euer Team von Regenbogen Reinickendorf e.V.<\/div>\n<\/div>\n<div dir=\"auto\">\u00a0<\/div>\n<p><strong>Erreichbarkeit:<\/strong><\/p>\n<p>Du erreichst uns mit der BVG wie folgt: Bushaltestelle Tiefenseer Stra\u00dfe, zu erreichen mit den folgenden Bussen: 120,122,124 und 221 oder mit dem X33 bis zur Endhaltestelle und dann beim Pflanzenhof den Weg entlang der Schienen laufen bis zur inzwischen beige-farbenen H\u00fctte unserem &#8222;House of Queers&#8220;.<\/p>\n<p>Euer Team von Regenbogen Reinickendorf e.V.<\/p>\n<p><a href=\"https:\/\/regenbogen-reinickendorf.de\/wp-content\/uploads\/2022\/03\/F53E0523-3AC9-4C15-B983-B2D46C42B3C0-1.heic\"><img loading=\"lazy\" decoding=\"async\" class=\"alignnone size-medium wp-image-694\" src=\"https:\/\/regenbogen-reinickendorf.de\/wp-content\/uploads\/2022\/03\/F53E0523-3AC9-4C15-B983-B2D46C42B3C0-1.heic\" alt=\"\" width=\"1\" height=\"1\" \/><\/a><img loading=\"lazy\" decoding=\"async\" class=\"alignnone size-medium wp-image-694\" src=\"https:\/\/regenbogen-reinickendorf.de\/wp-content\/uploads\/2022\/03\/F53E0523-3AC9-4C15-B983-B2D46C42B3C0-1.heic\" alt=\"\" width=\"1\" height=\"1\" \/> <img loading=\"lazy\" decoding=\"async\" class=\"alignnone size-medium wp-image-696\" src=\"https:\/\/regenbogen-reinickendorf.de\/wp-content\/uploads\/2022\/03\/IMG_2206-300x198.jpeg\" alt=\"\" width=\"300\" height=\"198\" srcset=\"https:\/\/regenbogen-reinickendorf.de\/wp-content\/uploads\/2022\/03\/IMG_2206-300x198.jpeg 300w, https:\/\/regenbogen-reinickendorf.de\/wp-content\/uploads\/2022\/03\/IMG_2206-1024x674.jpeg 1024w, https:\/\/regenbogen-reinickendorf.de\/wp-content\/uploads\/2022\/03\/IMG_2206-768x506.jpeg 768w, https:\/\/regenbogen-reinickendorf.de\/wp-content\/uploads\/2022\/03\/IMG_2206-1536x1011.jpeg 1536w, https:\/\/regenbogen-reinickendorf.de\/wp-content\/uploads\/2022\/03\/IMG_2206-2048x1349.jpeg 2048w, https:\/\/regenbogen-reinickendorf.de\/wp-content\/uploads\/2022\/03\/IMG_2206-600x395.jpeg 600w\" sizes=\"auto, (max-width: 300px) 100vw, 300px\" \/><\/p>\n<p>Melde dich bei uns, wenn du einen <strong>Beratungstermin<\/strong> ben\u00f6tigst. wir sind gerne f\u00fcr Dich da! info@regenbogen-reinickendorf.de<\/p>\n<p><a href=\"https:\/\/regenbogen-reinickendorf.de\/wp-content\/uploads\/2022\/03\/F53E0523-3AC9-4C15-B983-B2D46C42B3C0.heic\"><img loading=\"lazy\" decoding=\"async\" class=\"alignnone size-medium wp-image-693\" src=\"https:\/\/regenbogen-reinickendorf.de\/wp-content\/uploads\/2022\/03\/F53E0523-3AC9-4C15-B983-B2D46C42B3C0.heic\" alt=\"\" width=\"1\" height=\"1\" \/><\/a><\/p>\n\n\n<p><\/p>\n\n\n\n<p><\/p>\n","protected":false},"excerpt":{"rendered":"<p>Am 21.01.2026 besuchen wir die Ausstellung &#8222;totgeschwiegen&#8220;. Bei Interesse freuen wir uns \u00fcber Deine Anmeldung unter info@regenbogen-reinickendorf.de. Genauer Ort und Zeit erf\u00e4hrst du nach deiner Anmeldung.\u00a0 \u00a0 Wenn du ein Beratungs- , Gespr\u00e4chs- oder Informationsbed\u00fcrfnis hast, sind wir gerne f\u00fcr dich da. Wir bieten zu unterschiedlichen Zeiten den offenen Treff im &#8222;House of Queers&#8220;, am [&hellip;]<\/p>\n","protected":false},"author":1,"featured_media":0,"parent":0,"menu_order":0,"comment_status":"closed","ping_status":"closed","template":"","meta":{"footnotes":""},"class_list":["post-12","page","type-page","status-publish","hentry"],"jetpack_sharing_enabled":true,"_links":{"self":[{"href":"https:\/\/regenbogen-reinickendorf.de\/index.php?rest_route=\/wp\/v2\/pages\/12","targetHints":{"allow":["GET"]}}],"collection":[{"href":"https:\/\/regenbogen-reinickendorf.de\/index.php?rest_route=\/wp\/v2\/pages"}],"about":[{"href":"https:\/\/regenbogen-reinickendorf.de\/index.php?rest_route=\/wp\/v2\/types\/page"}],"author":[{"embeddable":true,"href":"https:\/\/regenbogen-reinickendorf.de\/index.php?rest_route=\/wp\/v2\/users\/1"}],"replies":[{"embeddable":true,"href":"https:\/\/regenbogen-reinickendorf.de\/index.php?rest_route=%2Fwp%2Fv2%2Fcomments&post=12"}],"version-history":[{"count":47,"href":"https:\/\/regenbogen-reinickendorf.de\/index.php?rest_route=\/wp\/v2\/pages\/12\/revisions"}],"predecessor-version":[{"id":838,"href":"https:\/\/regenbogen-reinickendorf.de\/index.php?rest_route=\/wp\/v2\/pages\/12\/revisions\/838"}],"wp:attachment":[{"href":"https:\/\/regenbogen-reinickendorf.de\/index.php?rest_route=%2Fwp%2Fv2%2Fmedia&parent=12"}],"curies":[{"name":"wp","href":"https:\/\/api.w.org\/{rel}","templated":true}]}}